{"id":364,"date":"2024-07-16T08:59:51","date_gmt":"2024-07-16T08:59:51","guid":{"rendered":"https:\/\/www.terradimara.lv\/?page_id=364"},"modified":"2025-08-07T11:45:08","modified_gmt":"2025-08-07T11:45:08","slug":"maras-likloci","status":"publish","type":"page","link":"https:\/\/www.terradimara.lv\/en\/maras-likloci\/","title":{"rendered":"Terradimara"},"content":{"rendered":"<div data-elementor-type=\"wp-page\" data-elementor-id=\"364\" class=\"elementor elementor-364\" data-elementor-post-type=\"page\">\n\t\t\t\t<div class=\"elementor-element elementor-element-5560b45 e-con-full e-flex e-con e-parent\" data-id=\"5560b45\" data-element_type=\"container\" data-settings=\"{&quot;background_background&quot;:&quot;classic&quot;}\">\n\t\t\t\t<div class=\"elementor-element elementor-element-c7ee3e0 elementor-widget elementor-widget-heading\" data-id=\"c7ee3e0\" data-element_type=\"widget\" data-widget_type=\"heading.default\">\n\t\t\t\t<div class=\"elementor-widget-container\">\n\t\t\t\t\t<h2 class=\"elementor-heading-title elementor-size-default\">Terradimara<\/h2>\t\t\t\t<\/div>\n\t\t\t\t<\/div>\n\t\t\t\t<\/div>\n\t\t<div class=\"elementor-element elementor-element-a23814e e-con-full e-flex e-con e-parent\" data-id=\"a23814e\" data-element_type=\"container\">\n\t\t<div class=\"elementor-element elementor-element-4b6c32c e-flex e-con-boxed e-con e-child\" data-id=\"4b6c32c\" data-element_type=\"container\">\n\t\t\t\t\t<div class=\"e-con-inner\">\n\t\t\t\t<div class=\"elementor-element elementor-element-82da8c7 elementor-widget elementor-widget-text-editor\" data-id=\"82da8c7\" data-element_type=\"widget\" data-widget_type=\"text-editor.default\">\n\t\t\t\t<div class=\"elementor-widget-container\">\n\t\t\t\t\t\t\t\t\t<p>Sveiciens visiem!<\/p><p>Esmu M\u0101ra, t\u016brisma gide un grupu vad\u012bt\u0101ja Baltijas valst\u012bs. Str\u0101d\u0101ju t\u016brisma jom\u0101 kop\u0161 2000. gada gan ar pa\u0161m\u0101ju, gan \u0101rvalstu grup\u0101m. Esmu daudz ce\u013cojusi pa Latviju, Baltiju un ar\u012b \u0101rvalst\u012bm. Vadu da\u017e\u0101das ekskursijas Latvij\u0101, Igaunij\u0101, Lietuv\u0101 un It\u0101lij\u0101.<\/p><p>Ja v\u0113laties uzzin\u0101t, k\u0101da ir It\u0101lija, k\u0101 tur dz\u012bvo un k\u0101di ir t\u0101s re\u0123ioni, dro\u0161i jaut\u0101jiet! Man ir vair\u0101k nek\u0101 20 gadu pieredze ar It\u0101liju un it\u0101\u013ciem.<\/p><p>K\u0101 ar\u012b esmu ar\u012b Pier\u012bgas t\u016brisma asoci\u0101cijas biedre.<\/p>\t\t\t\t\t\t\t\t<\/div>\n\t\t\t\t<\/div>\n\t\t\t\t<div class=\"elementor-element elementor-element-99acd80 elementor-widget elementor-widget-text-editor\" data-id=\"99acd80\" data-element_type=\"widget\" data-widget_type=\"text-editor.default\">\n\t\t\t\t<div class=\"elementor-widget-container\">\n\t\t\t\t\t\t\t\t\t<p>Papildus tam, esmu Stallis &#8220;B\u0113r\u012bts&#8221; vad\u012bt\u0101ja. Stallis atrodas sen\u0101 Zemgales s\u0113t\u0101, kur notiek ekskursijas un pas\u0101kumi ar zirgiem. V\u0113l es iepaz\u012bstinu viesus ar Baldoni neparast\u0101 veid\u0101: baldonestakas.lv.<\/p>\t\t\t\t\t\t\t\t<\/div>\n\t\t\t\t<\/div>\n\t\t\t\t<div class=\"elementor-element elementor-element-445d199 elementor-widget elementor-widget-text-editor\" data-id=\"445d199\" data-element_type=\"widget\" data-widget_type=\"text-editor.default\">\n\t\t\t\t<div class=\"elementor-widget-container\">\n\t\t\t\t\t\t\t\t\t<p>Kas m\u016bsu viesiem var vislab\u0101k atkl\u0101t, ka Latvija ir tik bag\u0101tu trad\u012bciju zeme? K\u0101 svin J\u0101\u0146us Latvij\u0101? K\u0101p\u0113c R\u012bg\u0101 Ziemassv\u0113tku egle ir tik \u012bpa\u0161a? K\u0101 dz\u012bvo latvie\u0161i, ko \u0113d, k\u0101 dz\u012bvo \u0161odien laukos? Gids ir v\u0113stnieks par savu tautu, savu zemi un savu pils\u0113tu. K\u0101 teikts: \u201eKas pag\u0101tni p\u0113t\u012b, tas n\u0101kotni sv\u0113t\u012b.\u201d<\/p>\t\t\t\t\t\t\t\t<\/div>\n\t\t\t\t<\/div>\n\t\t<div class=\"elementor-element elementor-element-bc6d2f3 e-con-full e-flex e-con e-child\" data-id=\"bc6d2f3\" data-element_type=\"container\">\n\t\t\t\t<div class=\"elementor-element elementor-element-ccb7f00 elementor-widget elementor-widget-heading\" data-id=\"ccb7f00\" data-element_type=\"widget\" data-widget_type=\"heading.default\">\n\t\t\t\t<div class=\"elementor-widget-container\">\n\t\t\t\t\t<h2 class=\"elementor-heading-title elementor-size-default\">Ekskursijas<\/h2>\t\t\t\t<\/div>\n\t\t\t\t<\/div>\n\t\t<div class=\"elementor-element elementor-element-4dd39a3 e-con-full e-flex e-con e-child\" data-id=\"4dd39a3\" data-element_type=\"container\">\n\t\t<div class=\"elementor-element elementor-element-05c8177 e-con-full e-flex e-con e-child\" data-id=\"05c8177\" data-element_type=\"container\">\n\t\t\t\t<div class=\"elementor-element elementor-element-779fe01 elementor-widget elementor-widget-icon-box\" data-id=\"779fe01\" data-element_type=\"widget\" data-widget_type=\"icon-box.default\">\n\t\t\t\t<div class=\"elementor-widget-container\">\n\t\t\t\t\t\t\t<div class=\"elementor-icon-box-wrapper\">\n\n\t\t\t\n\t\t\t\t\t\t<div class=\"elementor-icon-box-content\">\n\n\t\t\t\t\t\t\t\t\t<h3 class=\"elementor-icon-box-title\">\n\t\t\t\t\t\t<span  >\n\t\t\t\t\t\t\tVecr\u012bgas neparastie st\u0101sti un le\u0123endas\t\t\t\t\t\t<\/span>\n\t\t\t\t\t<\/h3>\n\t\t\t\t\n\t\t\t\t\t\t\t\t\t<p class=\"elementor-icon-box-description\">\n\t\t\t\t\t\tPastaiga \/ 2h <\/br>\nCik daudz nosl\u0113pumu sev\u012b sl\u0113pj R\u012bgas m\u016bri? Kas c\u0113la R\u012bgu, k\u0101du vilt\u012bbu izmantoja Alberts, kas R\u012bgai ir zelta gailis, k\u0101 \u010duksti dzirdami Jura bazn\u012bc\u0101? Un daudz citu nosl\u0113pumiem v\u012btu st\u0101stu var uzzin\u0101t, l\u012bkumojot Vecpils\u0113tas ieli\u0146as un pagalmus.\t\t\t\t\t<\/p>\n\t\t\t\t\n\t\t\t<\/div>\n\t\t\t\n\t\t<\/div>\n\t\t\t\t\t\t<\/div>\n\t\t\t\t<\/div>\n\t\t\t\t<div class=\"elementor-element elementor-element-3e011c0 elementor-widget elementor-widget-icon-box\" data-id=\"3e011c0\" data-element_type=\"widget\" data-widget_type=\"icon-box.default\">\n\t\t\t\t<div class=\"elementor-widget-container\">\n\t\t\t\t\t\t\t<div class=\"elementor-icon-box-wrapper\">\n\n\t\t\t\n\t\t\t\t\t\t<div class=\"elementor-icon-box-content\">\n\n\t\t\t\t\t\t\t\t\t<h3 class=\"elementor-icon-box-title\">\n\t\t\t\t\t\t<span  >\n\t\t\t\t\t\t\tNo l\u012bbie\u0161u l\u012bdz m\u016bsdienu R\u012bgai\t\t\t\t\t\t<\/span>\n\t\t\t\t\t<\/h3>\n\t\t\t\t\n\t\t\t\t\t\t\t\t\t<p class=\"elementor-icon-box-description\">\n\t\t\t\t\t\tKombin\u0113t\u0101: brauciens ar autobusu un pastaiga \/ 3h<\/br>\nKur bija pirm\u0101 osta, kas ir l\u012bbie\u0161i, kur atrad\u0101s Alberta pils?... Vai zin\u0101j\u0101t, ka R\u012bgas centr\u0101 divas identiskas fas\u0101des nemaz nav un ir neatk\u0101rtojama J\u016bgendstila da\u017e\u0101d\u012bba? Izsekosim gadsimtu l\u012bklo\u010diem l\u012bdz m\u016bsdien\u0101m, apskatot R\u012bgas centru.\n\n \t\t\t\t\t<\/p>\n\t\t\t\t\n\t\t\t<\/div>\n\t\t\t\n\t\t<\/div>\n\t\t\t\t\t\t<\/div>\n\t\t\t\t<\/div>\n\t\t\t\t<\/div>\n\t\t<div class=\"elementor-element elementor-element-536e2a1 e-con-full e-flex e-con e-child\" data-id=\"536e2a1\" data-element_type=\"container\">\n\t\t\t\t<div class=\"elementor-element elementor-element-cecd984 elementor-widget elementor-widget-icon-box\" data-id=\"cecd984\" data-element_type=\"widget\" data-widget_type=\"icon-box.default\">\n\t\t\t\t<div class=\"elementor-widget-container\">\n\t\t\t\t\t\t\t<div class=\"elementor-icon-box-wrapper\">\n\n\t\t\t\n\t\t\t\t\t\t<div class=\"elementor-icon-box-content\">\n\n\t\t\t\t\t\t\t\t\t<h3 class=\"elementor-icon-box-title\">\n\t\t\t\t\t\t<span  >\n\t\t\t\t\t\t\tIt\u0101lijas un Latvijas kult\u016bras saikne\t\t\t\t\t\t<\/span>\n\t\t\t\t\t<\/h3>\n\t\t\t\t\n\t\t\t\t\t\t\t\t\t<p class=\"elementor-icon-box-description\">\n\t\t\t\t\t\tKombin\u0113t\u0101: pastaiga \/ 2h<\/br>Saikne starp It\u0101liju un Baltiju bijusi jau sen \u2013 vair\u0101k nek\u0101 2000 gadu atpaka\u013c, un tam par iemeslu bija Baltijas saules akmens \u2013 dzintars. K\u0101p\u0113c it\u0101\u013ciem pat\u012bk Latvija un latvie\u0161iem It\u0101lija? Kad un par ko dzied latvietis un it\u0101lietis? Trad\u012bcijas Latvij\u0101 un It\u0101lij\u0101 \u2013 kop\u012bgais un at\u0161\u0137ir\u012bgais.\t\t\t\t\t<\/p>\n\t\t\t\t\n\t\t\t<\/div>\n\t\t\t\n\t\t<\/div>\n\t\t\t\t\t\t<\/div>\n\t\t\t\t<\/div>\n\t\t\t\t<div class=\"elementor-element elementor-element-3317a40 elementor-widget elementor-widget-icon-box\" data-id=\"3317a40\" data-element_type=\"widget\" data-widget_type=\"icon-box.default\">\n\t\t\t\t<div class=\"elementor-widget-container\">\n\t\t\t\t\t\t\t<div class=\"elementor-icon-box-wrapper\">\n\n\t\t\t\n\t\t\t\t\t\t<div class=\"elementor-icon-box-content\">\n\n\t\t\t\t\t\t\t\t\t<h3 class=\"elementor-icon-box-title\">\n\t\t\t\t\t\t<span  >\n\t\t\t\t\t\t\tR\u012bga \u2013 Baltijas Ven\u0113cija\t\t\t\t\t\t<\/span>\n\t\t\t\t\t<\/h3>\n\t\t\t\t\n\t\t\t\t\t\t\t\t\t<p class=\"elementor-icon-box-description\">\n\t\t\t\t\t\tBrauciens ar ku\u0123\u012bti pa Daugavu \/ 1h<\/br>\nR\u012bgas v\u0113sturisk\u0101 centra apskate, izbraucot pils\u0113tas \u016bdens ce\u013cu un atkl\u0101jot R\u012bgu no seno Hanzas ku\u0123inieku skatupunkta.\t\t\t\t\t<\/p>\n\t\t\t\t\n\t\t\t<\/div>\n\t\t\t\n\t\t<\/div>\n\t\t\t\t\t\t<\/div>\n\t\t\t\t<\/div>\n\t\t\t\t<\/div>\n\t\t\t\t<\/div>\n\t\t\t\t<\/div>\n\t\t\t\t<div class=\"elementor-element elementor-element-e2a89a1 elementor-align-center elementor-widget elementor-widget-button\" data-id=\"e2a89a1\" data-element_type=\"widget\" data-widget_type=\"button.default\">\n\t\t\t\t<div class=\"elementor-widget-container\">\n\t\t\t\t\t\t\t\t\t<div class=\"elementor-button-wrapper\">\n\t\t\t\t\t<a class=\"elementor-button elementor-button-link elementor-size-sm\" href=\"https:\/\/www.terradimara.lv\/en\/contacts\/\">\n\t\t\t\t\t\t<span class=\"elementor-button-content-wrapper\">\n\t\t\t\t\t\t\t\t\t<span class=\"elementor-button-text\">Contact us<\/span>\n\t\t\t\t\t<\/span>\n\t\t\t\t\t<\/a>\n\t\t\t\t<\/div>\n\t\t\t\t\t\t\t\t<\/div>\n\t\t\t\t<\/div>\n\t\t\t\t\t<\/div>\n\t\t\t\t<\/div>\n\t\t\t\t<\/div>\n\t\t<div class=\"elementor-element elementor-element-d131201 e-con-full e-flex e-con e-parent\" data-id=\"d131201\" data-element_type=\"container\">\n\t\t<div class=\"elementor-element elementor-element-dd7e5ab e-flex e-con-boxed e-con e-child\" data-id=\"dd7e5ab\" data-element_type=\"container\">\n\t\t\t\t\t<div class=\"e-con-inner\">\n\t\t\t\t<div class=\"elementor-element elementor-element-ad4b802 elementor-widget elementor-widget-heading\" data-id=\"ad4b802\" data-element_type=\"widget\" data-widget_type=\"heading.default\">\n\t\t\t\t<div class=\"elementor-widget-container\">\n\t\t\t\t\t<h2 class=\"elementor-heading-title elementor-size-default\">IT<\/h2>\t\t\t\t<\/div>\n\t\t\t\t<\/div>\n\t\t\t\t<div class=\"elementor-element elementor-element-b25d297 elementor-widget elementor-widget-text-editor\" data-id=\"b25d297\" data-element_type=\"widget\" data-widget_type=\"text-editor.default\">\n\t\t\t\t<div class=\"elementor-widget-container\">\n\t\t\t\t\t\t\t\t\t<div dir=\"auto\">Ecco ,vorrei Vi presentare una storia. La mia storia:<\/div><div dir=\"auto\">Mara Dakare \u00e8 una signora lettone che da ragazza impar\u00f2 la lingua italiana studiando in Italia e che per anni lavora come guida accompagnando gruppi di italiani nelle Repubbliche Baltiche.<\/div><div dir=\"auto\">I lettoni hanno da sempre una forte sintonia con la natura e infatti Mara nel 2005 invest\u00ec tutti i suoi guadagni di guida, accumulati per anni, nell\u2019acquisto di una fattoria abbandonata a 35 km da Riga, dove si trasfer\u00ec a vivere insieme\u00a0con il marito Rihards e i loro tre figli, spendendo tempo e denaro per fondamentali lavori di ripristino.<\/div><div dir=\"auto\">L\u2019attivit\u00e0 di guida negli ultimi due anni \u00e8 stata forzatamente accantonata a causa della pandemia e cos\u00ec la famiglia si \u00e8 dedicata a tempo pieno all\u2019allevamento dei cavalli, iniziato con due esemplari che negli anni sono diventati quindici. I cavalli costituiscono un centro d\u2019attrazione per visitatori desiderosi di confrontarsi con gli animali, pronti a farsi cavalcare nella bella stagione, trainare slitte nella campagna innevata d\u2019inverno ma anche a posare per foto ricordo in occasione delle cerimonie che nella tenuta vengono organizzate.<\/div><div dir=\"auto\">Mara ha una vera passione per i cavalli ed \u00e8 anche una brava addestratrice. \u201cHo una macchina ma cavalcare \u00e8 pi\u00f9 divertente\u201d dice con un sorriso e infatti molto spesso si reca a fare la spesa a dorso di uno dei suoi animali. Uno dei suoi preferiti, lo stallone Roderiks, \u00e8 stato ammaestrato a riconoscere numeri, colori e lettere ma anche a ballare, aprire le porte e raccogliere coi denti e porgere oggetti che gli si fanno cadere davanti.<\/div>\t\t\t\t\t\t\t\t<\/div>\n\t\t\t\t<\/div>\n\t\t\t\t<div class=\"elementor-element elementor-element-fc7c889 elementor-widget elementor-widget-text-editor\" data-id=\"fc7c889\" data-element_type=\"widget\" data-widget_type=\"text-editor.default\">\n\t\t\t\t<div class=\"elementor-widget-container\">\n\t\t\t\t\t\t\t\t\t<p>Visitare Lettonia, \u00e8 un\u2019esperienza particolarmente intrigante per tutti quei viaggiatori che sono alla ricerca dei particolari. Un paese dove i tradizioni locali vivono. Lettonia cerca di raccontare la propria storia nazionale, una storia fatta di odi et amo nei confronti dell\u2019Unione Sovietica e della sua permanenza al potere. Riga \u00e8 una bella citt\u00e0, una vera perla, in cui difficilmente \u00e8 possibile spostare lo sguardo dai grandiosi edifici in diversi stili, sopratutto in Art Nouveau. Una guida `e il specchio del suo popolo, del suo paese, della citt\u00e0. &#8220;Chi ricorda il passato, conosce il mistero del futuro.&#8221;<\/p>\t\t\t\t\t\t\t\t<\/div>\n\t\t\t\t<\/div>\n\t\t\t\t<div class=\"elementor-element elementor-element-b7f0b7b elementor-widget elementor-widget-text-editor\" data-id=\"b7f0b7b\" data-element_type=\"widget\" data-widget_type=\"text-editor.default\">\n\t\t\t\t<div class=\"elementor-widget-container\">\n\t\t\t\t\t\t\t\t\t<p>Vorrei far conoscere il mio Paese in un modo migliore:<\/p><p><span lang=\"LV\">La visita guidata di Riga Vecchia.<\/span><\/p><p><span lang=\"LV\">Pu\u00f2 scoprire<\/span><span lang=\"LV\">\u00a0Riga sentendo le storie della moglie del mercante di Riga Hanseatica con la visita del mercato centrale.<\/span><\/p><p><span lang=\"LV\">Da non perdere Museo Etnografico Lettone all`aperto.\u00a0\u00a0\u00a0<\/span><\/p><p><span lang=\"LV\">77 km da Riga delizioso Palazzo di Rund\u0101le<\/span><span lang=\"LV\">\u00a0per Ernst J. Biron (Duca\u00a0di\u00a0Curlandia, architetto B.F.Rastrelli).<\/span><\/p><p><span lang=\"LV\">Vidzeme- Sigulda- Turaida \u2013 Krimulda, Parco Nazionale di Gauja, &#8230;<\/span><\/p><p><span lang=\"LV\">Se volete vedere e sapere come vivono i lettoni ,benvenuti a casa mia &#8211;\u00a0\u00a0Stallis B\u0113r\u012bts vicino verde e particolare Baldone<\/span><\/p><p><span lang=\"LV\">Curlandia con\u00a0 boschi e\u00a0 spiagge sabbiose, Kuld\u012bga, &#8230;<\/span><\/p><p><span lang=\"LV\">Volendo\u00a0 sar\u00f2 la Vostra guida in<\/span><span lang=\"LV\">\u00a0Lituania ed Estonia.<\/span><\/p>\t\t\t\t\t\t\t\t<\/div>\n\t\t\t\t<\/div>\n\t\t\t\t<div class=\"elementor-element elementor-element-190a943 elementor-align-center elementor-widget elementor-widget-button\" data-id=\"190a943\" data-element_type=\"widget\" data-widget_type=\"button.default\">\n\t\t\t\t<div class=\"elementor-widget-container\">\n\t\t\t\t\t\t\t\t\t<div class=\"elementor-button-wrapper\">\n\t\t\t\t\t<a class=\"elementor-button elementor-button-link elementor-size-sm\" href=\"https:\/\/www.terradimara.lv\/en\/contacts\/\">\n\t\t\t\t\t\t<span class=\"elementor-button-content-wrapper\">\n\t\t\t\t\t\t\t\t\t<span class=\"elementor-button-text\">Contattaci<\/span>\n\t\t\t\t\t<\/span>\n\t\t\t\t\t<\/a>\n\t\t\t\t<\/div>\n\t\t\t\t\t\t\t\t<\/div>\n\t\t\t\t<\/div>\n\t\t\t\t\t<\/div>\n\t\t\t\t<\/div>\n\t\t\t\t<\/div>\n\t\t\t\t<\/div>","protected":false},"excerpt":{"rendered":"<p>M\u0101ras l\u012bklo\u010di Sveiciens visiem! Esmu M\u0101ra, t\u016brisma gide un grupu vad\u012bt\u0101ja Baltijas valst\u012bs. Str\u0101d\u0101ju t\u016brisma jom\u0101 kop\u0161 2000. gada gan ar pa\u0161m\u0101ju, gan \u0101rvalstu grup\u0101m. Esmu daudz ce\u013cojusi pa Latviju, Baltiju un ar\u012b \u0101rvalst\u012bm. Vadu da\u017e\u0101das ekskursijas Latvij\u0101, Igaunij\u0101, Lietuv\u0101 un It\u0101lij\u0101. Ja v\u0113laties uzzin\u0101t, k\u0101da ir It\u0101lija, k\u0101 tur dz\u012bvo un k\u0101di ir t\u0101s [&hellip;]<\/p>","protected":false},"author":1,"featured_media":0,"parent":0,"menu_order":0,"comment_status":"closed","ping_status":"closed","template":"","meta":{"footnotes":""},"class_list":["post-364","page","type-page","status-publish","hentry"],"yoast_head":"<!-- This site is optimized with the Yoast SEO Premium plugin v23.1 (Yoast SEO v27.0) - https:\/\/yoast.com\/product\/yoast-seo-premium-wordpress\/ -->\n<title>M\u0101ras l\u012bklo\u010di - Stallis &quot;B\u0113r\u012bts&quot;<\/title>\n<meta name=\"description\" content=\"Esmu M\u0101ra, t\u016brisma gide un grupu vad\u012bt\u0101ja Baltijas valst\u012bs. Vadu da\u017e\u0101das ekskursijas Latvij\u0101, Igaunij\u0101, Lietuv\u0101 un It\u0101lij\u0101.\" \/>\n<meta name=\"robots\" content=\"index, follow, max-snippet:-1, max-image-preview:large, max-video-preview:-1\" \/>\n<link rel=\"canonical\" href=\"https:\/\/www.terradimara.lv\/en\/maras-likloci\/\" \/>\n<meta property=\"og:locale\" content=\"en_US\" \/>\n<meta property=\"og:type\" content=\"article\" \/>\n<meta property=\"og:title\" content=\"M\u0101ras l\u012bklo\u010di\" \/>\n<meta property=\"og:description\" content=\"Esmu M\u0101ra, t\u016brisma gide un grupu vad\u012bt\u0101ja Baltijas valst\u012bs. Vadu da\u017e\u0101das ekskursijas Latvij\u0101, Igaunij\u0101, Lietuv\u0101 un It\u0101lij\u0101.\" \/>\n<meta property=\"og:url\" content=\"https:\/\/www.terradimara.lv\/en\/maras-likloci\/\" \/>\n<meta property=\"og:site_name\" content=\"Stallis &quot;B\u0113r\u012bts&quot;\" \/>\n<meta property=\"article:modified_time\" content=\"2025-08-07T11:45:08+00:00\" \/>\n<meta name=\"twitter:card\" content=\"summary_large_image\" \/>\n<meta name=\"twitter:label1\" content=\"Est. reading time\" \/>\n\t<meta name=\"twitter:data1\" content=\"4 minutes\" \/>\n<script type=\"application\/ld+json\" class=\"yoast-schema-graph\">{\"@context\":\"https:\/\/schema.org\",\"@graph\":[{\"@type\":\"WebPage\",\"@id\":\"https:\/\/www.terradimara.lv\/maras-likloci\/\",\"url\":\"https:\/\/www.terradimara.lv\/maras-likloci\/\",\"name\":\"M\u0101ras l\u012bklo\u010di - Stallis &quot;B\u0113r\u012bts&quot;\",\"isPartOf\":{\"@id\":\"https:\/\/www.terradimara.lv\/#website\"},\"datePublished\":\"2024-07-16T08:59:51+00:00\",\"dateModified\":\"2025-08-07T11:45:08+00:00\",\"description\":\"Esmu M\u0101ra, t\u016brisma gide un grupu vad\u012bt\u0101ja Baltijas valst\u012bs. Vadu da\u017e\u0101das ekskursijas Latvij\u0101, Igaunij\u0101, Lietuv\u0101 un It\u0101lij\u0101.\",\"breadcrumb\":{\"@id\":\"https:\/\/www.terradimara.lv\/maras-likloci\/#breadcrumb\"},\"inLanguage\":\"en-US\",\"potentialAction\":[{\"@type\":\"ReadAction\",\"target\":[\"https:\/\/www.terradimara.lv\/maras-likloci\/\"]}]},{\"@type\":\"BreadcrumbList\",\"@id\":\"https:\/\/www.terradimara.lv\/maras-likloci\/#breadcrumb\",\"itemListElement\":[{\"@type\":\"ListItem\",\"position\":1,\"name\":\"Home\",\"item\":\"https:\/\/www.terradimara.lv\/\"},{\"@type\":\"ListItem\",\"position\":2,\"name\":\"M\u0101ras l\u012bklo\u010di\"}]},{\"@type\":\"WebSite\",\"@id\":\"https:\/\/www.terradimara.lv\/#website\",\"url\":\"https:\/\/www.terradimara.lv\/\",\"name\":\"Stallis \\\"B\u0113r\u012bts\\\"\",\"description\":\"Pavadi laiku br\u012bv\u0101 dab\u0101 ar zirgiem.\",\"publisher\":{\"@id\":\"https:\/\/www.terradimara.lv\/#organization\"},\"potentialAction\":[{\"@type\":\"SearchAction\",\"target\":{\"@type\":\"EntryPoint\",\"urlTemplate\":\"https:\/\/www.terradimara.lv\/?s={search_term_string}\"},\"query-input\":{\"@type\":\"PropertyValueSpecification\",\"valueRequired\":true,\"valueName\":\"search_term_string\"}}],\"inLanguage\":\"en-US\"},{\"@type\":\"Organization\",\"@id\":\"https:\/\/www.terradimara.lv\/#organization\",\"name\":\"Stallis \\\"B\u0113r\u012bts\\\"\",\"url\":\"https:\/\/www.terradimara.lv\/\",\"logo\":{\"@type\":\"ImageObject\",\"inLanguage\":\"en-US\",\"@id\":\"https:\/\/www.terradimara.lv\/#\/schema\/logo\/image\/\",\"url\":\"https:\/\/www.terradimara.lv\/wp-content\/uploads\/2024\/08\/cropped-Stallis_Berits_pagaidu_logo.png\",\"contentUrl\":\"https:\/\/www.terradimara.lv\/wp-content\/uploads\/2024\/08\/cropped-Stallis_Berits_pagaidu_logo.png\",\"width\":512,\"height\":512,\"caption\":\"Stallis \\\"B\u0113r\u012bts\\\"\"},\"image\":{\"@id\":\"https:\/\/www.terradimara.lv\/#\/schema\/logo\/image\/\"}}]}<\/script>\n<!-- \/ Yoast SEO Premium plugin. -->","yoast_head_json":{"title":"M\u0101ras l\u012bklo\u010di - Stallis &quot;B\u0113r\u012bts&quot;","description":"Esmu M\u0101ra, t\u016brisma gide un grupu vad\u012bt\u0101ja Baltijas valst\u012bs. Vadu da\u017e\u0101das ekskursijas Latvij\u0101, Igaunij\u0101, Lietuv\u0101 un It\u0101lij\u0101.","robots":{"index":"index","follow":"follow","max-snippet":"max-snippet:-1","max-image-preview":"max-image-preview:large","max-video-preview":"max-video-preview:-1"},"canonical":"https:\/\/www.terradimara.lv\/en\/maras-likloci\/","og_locale":"en_US","og_type":"article","og_title":"M\u0101ras l\u012bklo\u010di","og_description":"Esmu M\u0101ra, t\u016brisma gide un grupu vad\u012bt\u0101ja Baltijas valst\u012bs. Vadu da\u017e\u0101das ekskursijas Latvij\u0101, Igaunij\u0101, Lietuv\u0101 un It\u0101lij\u0101.","og_url":"https:\/\/www.terradimara.lv\/en\/maras-likloci\/","og_site_name":"Stallis &quot;B\u0113r\u012bts&quot;","article_modified_time":"2025-08-07T11:45:08+00:00","twitter_card":"summary_large_image","twitter_misc":{"Est. reading time":"4 minutes"},"schema":{"@context":"https:\/\/schema.org","@graph":[{"@type":"WebPage","@id":"https:\/\/www.terradimara.lv\/maras-likloci\/","url":"https:\/\/www.terradimara.lv\/maras-likloci\/","name":"M\u0101ras l\u012bklo\u010di - Stallis &quot;B\u0113r\u012bts&quot;","isPartOf":{"@id":"https:\/\/www.terradimara.lv\/#website"},"datePublished":"2024-07-16T08:59:51+00:00","dateModified":"2025-08-07T11:45:08+00:00","description":"Esmu M\u0101ra, t\u016brisma gide un grupu vad\u012bt\u0101ja Baltijas valst\u012bs. Vadu da\u017e\u0101das ekskursijas Latvij\u0101, Igaunij\u0101, Lietuv\u0101 un It\u0101lij\u0101.","breadcrumb":{"@id":"https:\/\/www.terradimara.lv\/maras-likloci\/#breadcrumb"},"inLanguage":"en-US","potentialAction":[{"@type":"ReadAction","target":["https:\/\/www.terradimara.lv\/maras-likloci\/"]}]},{"@type":"BreadcrumbList","@id":"https:\/\/www.terradimara.lv\/maras-likloci\/#breadcrumb","itemListElement":[{"@type":"ListItem","position":1,"name":"Home","item":"https:\/\/www.terradimara.lv\/"},{"@type":"ListItem","position":2,"name":"M\u0101ras l\u012bklo\u010di"}]},{"@type":"WebSite","@id":"https:\/\/www.terradimara.lv\/#website","url":"https:\/\/www.terradimara.lv\/","name":"Stallis \"B\u0113r\u012bts\"","description":"Pavadi laiku br\u012bv\u0101 dab\u0101 ar zirgiem.","publisher":{"@id":"https:\/\/www.terradimara.lv\/#organization"},"potentialAction":[{"@type":"SearchAction","target":{"@type":"EntryPoint","urlTemplate":"https:\/\/www.terradimara.lv\/?s={search_term_string}"},"query-input":{"@type":"PropertyValueSpecification","valueRequired":true,"valueName":"search_term_string"}}],"inLanguage":"en-US"},{"@type":"Organization","@id":"https:\/\/www.terradimara.lv\/#organization","name":"Stallis \"B\u0113r\u012bts\"","url":"https:\/\/www.terradimara.lv\/","logo":{"@type":"ImageObject","inLanguage":"en-US","@id":"https:\/\/www.terradimara.lv\/#\/schema\/logo\/image\/","url":"https:\/\/www.terradimara.lv\/wp-content\/uploads\/2024\/08\/cropped-Stallis_Berits_pagaidu_logo.png","contentUrl":"https:\/\/www.terradimara.lv\/wp-content\/uploads\/2024\/08\/cropped-Stallis_Berits_pagaidu_logo.png","width":512,"height":512,"caption":"Stallis \"B\u0113r\u012bts\""},"image":{"@id":"https:\/\/www.terradimara.lv\/#\/schema\/logo\/image\/"}}]}},"_links":{"self":[{"href":"https:\/\/www.terradimara.lv\/en\/wp-json\/wp\/v2\/pages\/364","targetHints":{"allow":["GET"]}}],"collection":[{"href":"https:\/\/www.terradimara.lv\/en\/wp-json\/wp\/v2\/pages"}],"about":[{"href":"https:\/\/www.terradimara.lv\/en\/wp-json\/wp\/v2\/types\/page"}],"author":[{"embeddable":true,"href":"https:\/\/www.terradimara.lv\/en\/wp-json\/wp\/v2\/users\/1"}],"replies":[{"embeddable":true,"href":"https:\/\/www.terradimara.lv\/en\/wp-json\/wp\/v2\/comments?post=364"}],"version-history":[{"count":0,"href":"https:\/\/www.terradimara.lv\/en\/wp-json\/wp\/v2\/pages\/364\/revisions"}],"wp:attachment":[{"href":"https:\/\/www.terradimara.lv\/en\/wp-json\/wp\/v2\/media?parent=364"}],"curies":[{"name":"wp","href":"https:\/\/api.w.org\/{rel}","templated":true}]}}