{"id":169,"date":"2024-07-15T13:39:44","date_gmt":"2024-07-15T13:39:44","guid":{"rendered":"https:\/\/www.terradimara.lv\/?page_id=169"},"modified":"2025-08-07T11:42:25","modified_gmt":"2025-08-07T11:42:25","slug":"stasts","status":"publish","type":"page","link":"https:\/\/www.terradimara.lv\/en\/story\/","title":{"rendered":"Story"},"content":{"rendered":"<div data-elementor-type=\"wp-page\" data-elementor-id=\"169\" class=\"elementor elementor-169\" data-elementor-post-type=\"page\">\n\t\t\t\t<div class=\"elementor-element elementor-element-436ab18 e-con-full e-flex e-con e-parent\" data-id=\"436ab18\" data-element_type=\"container\" data-settings=\"{&quot;background_background&quot;:&quot;classic&quot;}\">\n\t\t\t\t<div class=\"elementor-element elementor-element-3606d2a elementor-widget elementor-widget-heading\" data-id=\"3606d2a\" data-element_type=\"widget\" data-widget_type=\"heading.default\">\n\t\t\t\t<div class=\"elementor-widget-container\">\n\t\t\t\t\t<h2 class=\"elementor-heading-title elementor-size-default\">Our story<\/h2>\t\t\t\t<\/div>\n\t\t\t\t<\/div>\n\t\t\t\t<\/div>\n\t\t<div class=\"elementor-element elementor-element-127916c e-con-full e-flex e-con e-parent\" data-id=\"127916c\" data-element_type=\"container\">\n\t\t<div class=\"elementor-element elementor-element-c7e26ee e-flex e-con-boxed e-con e-child\" data-id=\"c7e26ee\" data-element_type=\"container\">\n\t\t\t\t\t<div class=\"e-con-inner\">\n\t\t\t\t<div class=\"elementor-element elementor-element-78c81a5 elementor-widget elementor-widget-heading\" data-id=\"78c81a5\" data-element_type=\"widget\" data-widget_type=\"heading.default\">\n\t\t\t\t<div class=\"elementor-widget-container\">\n\t\t\t\t\t<h2 class=\"elementor-heading-title elementor-size-default\">Origins<\/h2>\t\t\t\t<\/div>\n\t\t\t\t<\/div>\n\t\t\t\t<div class=\"elementor-element elementor-element-4bc8124 elementor-widget elementor-widget-text-editor\" data-id=\"4bc8124\" data-element_type=\"widget\" data-widget_type=\"text-editor.default\">\n\t\t\t\t<div class=\"elementor-widget-container\">\n\t\t\t\t\t\t\t\t\t<p>The owners say that the house chose them. All the animals also came to them without any searching. Rihards and M\u0101ra, residents of Riga, had always dreamed of their own home, but M\u0101ra needed it to include cats, large dogs, and horses. On a late November evening, Rihards took his family to a rather forlorn country house and said this might be a good place to live. M\u0101ra didn\u2019t say anything; she just began cleaning every nook, cranny, and corner with her family. They fetched water from the well and heated the house with the stove. They simply did what needed to be done, and soon they found themselves surrounded by cats, dogs, a herd of horses, and a century-old house with its own story.\u00a0<\/p>\t\t\t\t\t\t\t\t<\/div>\n\t\t\t\t<\/div>\n\t\t\t\t<div class=\"elementor-element elementor-element-500a9d7 elementor-widget elementor-widget-text-editor\" data-id=\"500a9d7\" data-element_type=\"widget\" data-widget_type=\"text-editor.default\">\n\t\t\t\t<div class=\"elementor-widget-container\">\n\t\t\t\t\t\t\t\t\t<p>Apparently, the house itself wanted to continue living and share its story. It was also revealed that the century-old log cabin has a connection to the Baldone manor.<\/p>\t\t\t\t\t\t\t\t<\/div>\n\t\t\t\t<\/div>\n\t\t\t\t\t<\/div>\n\t\t\t\t<\/div>\n\t\t<div class=\"elementor-element elementor-element-4cb20ec e-flex e-con-boxed e-con e-child\" data-id=\"4cb20ec\" data-element_type=\"container\">\n\t\t\t\t\t<div class=\"e-con-inner\">\n\t\t\t\t<div class=\"elementor-element elementor-element-0c181c8 elementor-widget elementor-widget-image\" data-id=\"0c181c8\" data-element_type=\"widget\" data-widget_type=\"image.default\">\n\t\t\t\t<div class=\"elementor-widget-container\">\n\t\t\t\t\t\t\t\t\t\t\t\t\t\t\t<img fetchpriority=\"high\" decoding=\"async\" width=\"800\" height=\"600\" src=\"https:\/\/www.terradimara.lv\/wp-content\/uploads\/2024\/07\/19-1024x768.jpg\" class=\"elementor-animation-grow attachment-large size-large wp-image-850\" alt=\"\" srcset=\"https:\/\/www.terradimara.lv\/wp-content\/uploads\/2024\/07\/19-1024x768.jpg 1024w, https:\/\/www.terradimara.lv\/wp-content\/uploads\/2024\/07\/19-300x225.jpg 300w, https:\/\/www.terradimara.lv\/wp-content\/uploads\/2024\/07\/19-768x576.jpg 768w, https:\/\/www.terradimara.lv\/wp-content\/uploads\/2024\/07\/19-1536x1152.jpg 1536w, https:\/\/www.terradimara.lv\/wp-content\/uploads\/2024\/07\/19.jpg 2016w\" sizes=\"(max-width: 800px) 100vw, 800px\" \/>\t\t\t\t\t\t\t\t\t\t\t\t\t\t\t<\/div>\n\t\t\t\t<\/div>\n\t\t\t\t\t<\/div>\n\t\t\t\t<\/div>\n\t\t\t\t<\/div>\n\t\t<div class=\"elementor-element elementor-element-4010a74 e-con-full e-flex e-con e-parent\" data-id=\"4010a74\" data-element_type=\"container\">\n\t\t<div class=\"elementor-element elementor-element-f523acf e-flex e-con-boxed e-con e-child\" data-id=\"f523acf\" data-element_type=\"container\">\n\t\t\t\t\t<div class=\"e-con-inner\">\n\t\t\t\t<div class=\"elementor-element elementor-element-f4f7d18 elementor-widget elementor-widget-image\" data-id=\"f4f7d18\" data-element_type=\"widget\" data-widget_type=\"image.default\">\n\t\t\t\t<div class=\"elementor-widget-container\">\n\t\t\t\t\t\t\t\t\t\t\t\t\t\t\t<img decoding=\"async\" width=\"800\" height=\"600\" src=\"https:\/\/www.terradimara.lv\/wp-content\/uploads\/2024\/07\/22-1024x768.jpg\" class=\"elementor-animation-grow attachment-large size-large wp-image-853\" alt=\"\" srcset=\"https:\/\/www.terradimara.lv\/wp-content\/uploads\/2024\/07\/22-1024x768.jpg 1024w, https:\/\/www.terradimara.lv\/wp-content\/uploads\/2024\/07\/22-300x225.jpg 300w, https:\/\/www.terradimara.lv\/wp-content\/uploads\/2024\/07\/22-768x576.jpg 768w, https:\/\/www.terradimara.lv\/wp-content\/uploads\/2024\/07\/22-1536x1152.jpg 1536w, https:\/\/www.terradimara.lv\/wp-content\/uploads\/2024\/07\/22.jpg 2016w\" sizes=\"(max-width: 800px) 100vw, 800px\" \/>\t\t\t\t\t\t\t\t\t\t\t\t\t\t\t<\/div>\n\t\t\t\t<\/div>\n\t\t\t\t\t<\/div>\n\t\t\t\t<\/div>\n\t\t<div class=\"elementor-element elementor-element-11ef562 e-flex e-con-boxed e-con e-child\" data-id=\"11ef562\" data-element_type=\"container\">\n\t\t\t\t\t<div class=\"e-con-inner\">\n\t\t\t\t<div class=\"elementor-element elementor-element-088f7e6 elementor-widget elementor-widget-heading\" data-id=\"088f7e6\" data-element_type=\"widget\" data-widget_type=\"heading.default\">\n\t\t\t\t<div class=\"elementor-widget-container\">\n\t\t\t\t\t<h2 class=\"elementor-heading-title elementor-size-default\">Why horses?<\/h2>\t\t\t\t<\/div>\n\t\t\t\t<\/div>\n\t\t\t\t<div class=\"elementor-element elementor-element-291fcf9 elementor-widget elementor-widget-text-editor\" data-id=\"291fcf9\" data-element_type=\"widget\" data-widget_type=\"text-editor.default\">\n\t\t\t\t<div class=\"elementor-widget-container\">\n\t\t\t\t\t\t\t\t\t<p>Work with horses began for the sake of the children with a serious sport \u2013 show jumping. However, everything changed drastically when the first bay horse came to live at home and their own stable was established. Since 2013, the \"B\u0113r\u012bts\" stable has been the heart and soul of the Dakaru family.<\/p>\t\t\t\t\t\t\t\t<\/div>\n\t\t\t\t<\/div>\n\t\t\t\t<div class=\"elementor-element elementor-element-5463cda elementor-widget elementor-widget-text-editor\" data-id=\"5463cda\" data-element_type=\"widget\" data-widget_type=\"text-editor.default\">\n\t\t\t\t<div class=\"elementor-widget-container\">\n\t\t\t\t\t\t\t\t\t<p>\u0100tri vien pirmajam zirgam piebiedroj\u0101s citi &#8211;\u00a0ar lielu m\u012blest\u012bbu loloti un apm\u0101c\u012bti, katrs ar savu neparasto st\u0101stu. Zirgus v\u0113rojot un tajos ieklausoties, rodas cita izpratne par tiem.\u00a0 Ar\u012b zirgi ir person\u012bbas ar savu \u201cES\u201d.<\/p>\t\t\t\t\t\t\t\t<\/div>\n\t\t\t\t<\/div>\n\t\t\t\t<div class=\"elementor-element elementor-element-874e777 elementor-widget elementor-widget-text-editor\" data-id=\"874e777\" data-element_type=\"widget\" data-widget_type=\"text-editor.default\">\n\t\t\t\t<div class=\"elementor-widget-container\">\n\t\t\t\t\t\t\t\t\t<p>Horses are one of M\u0101ra Dakare hobbies at the \"Ezernieki\" home, which has now become a serious pursuit.<\/p>\t\t\t\t\t\t\t\t<\/div>\n\t\t\t\t<\/div>\n\t\t\t\t\t<\/div>\n\t\t\t\t<\/div>\n\t\t\t\t<\/div>\n\t\t<div class=\"elementor-element elementor-element-c203186 e-con-full e-flex e-con e-parent\" data-id=\"c203186\" data-element_type=\"container\">\n\t\t<div class=\"elementor-element elementor-element-519b7fc e-flex e-con-boxed e-con e-child\" data-id=\"519b7fc\" data-element_type=\"container\">\n\t\t\t\t\t<div class=\"e-con-inner\">\n\t\t\t\t<div class=\"elementor-element elementor-element-c9bd70b elementor-widget elementor-widget-heading\" data-id=\"c9bd70b\" data-element_type=\"widget\" data-widget_type=\"heading.default\">\n\t\t\t\t<div class=\"elementor-widget-container\">\n\t\t\t\t\t<h2 class=\"elementor-heading-title elementor-size-default\">Feel and understand<\/h2>\t\t\t\t<\/div>\n\t\t\t\t<\/div>\n\t\t\t\t<div class=\"elementor-element elementor-element-fb852ac elementor-widget elementor-widget-text-editor\" data-id=\"fb852ac\" data-element_type=\"widget\" data-widget_type=\"text-editor.default\">\n\t\t\t\t<div class=\"elementor-widget-container\">\n\t\t\t\t\t\t\t\t\t<p>Observing and listening to horses reveals a different way of life and understanding of these animals. Horses are like people \u2014 each has its own personality and approach. Living in a herd and in a large space, they have the freedom to express themselves and interact. It\u2019s fascinating to see how horses are attentive, tolerant, and respectful towards one another, yet they can also be combative or fearful. By watching and interacting with horses daily, one can learn their language: a language without words. If you learn to listen to a horse and perceive the nuances, you also learn to feel and react differently. It turns out that we can learn to be great, strong, fair, attentive, responsible, patient, and calm, regardless of age, weight, or height: we can shape ourselves into what we need and want to be.<\/p>\t\t\t\t\t\t\t\t<\/div>\n\t\t\t\t<\/div>\n\t\t\t\t<div class=\"elementor-element elementor-element-a335080 elementor-widget elementor-widget-text-editor\" data-id=\"a335080\" data-element_type=\"widget\" data-widget_type=\"text-editor.default\">\n\t\t\t\t<div class=\"elementor-widget-container\">\n\t\t\t\t\t\t\t\t\t<p>To have a horse listen to you, you typically need to work with your own feelings and emotions. It\u2019s a fantastic experience when horses accept and respect you. When a horse is happy to be with you simply because it feels comfortable around you, it\u2019s a rewarding feeling. Discovering the language of animals reveals a vast and new world.<\/p>\t\t\t\t\t\t\t\t<\/div>\n\t\t\t\t<\/div>\n\t\t\t\t<div class=\"elementor-element elementor-element-809299d elementor-widget elementor-widget-text-editor\" data-id=\"809299d\" data-element_type=\"widget\" data-widget_type=\"text-editor.default\">\n\t\t\t\t<div class=\"elementor-widget-container\">\n\t\t\t\t\t\t\t\t\t<p>For those who want to understand what it means to be present in the here and now, a horse provides that experience. When you are with a horse, it is impossible to think about anything else, such as unfinished reports or homework. Communicating with a horse can help recharge your \"batteries.\" A horse can show you how to act swiftly while maintaining calmness.<\/p>\t\t\t\t\t\t\t\t<\/div>\n\t\t\t\t<\/div>\n\t\t\t\t\t<\/div>\n\t\t\t\t<\/div>\n\t\t<div class=\"elementor-element elementor-element-a67e052 e-flex e-con-boxed e-con e-child\" data-id=\"a67e052\" data-element_type=\"container\">\n\t\t\t\t\t<div class=\"e-con-inner\">\n\t\t\t\t<div class=\"elementor-element elementor-element-1f61e08 elementor-widget elementor-widget-image\" data-id=\"1f61e08\" data-element_type=\"widget\" data-widget_type=\"image.default\">\n\t\t\t\t<div class=\"elementor-widget-container\">\n\t\t\t\t\t\t\t\t\t\t\t\t\t\t\t<img decoding=\"async\" width=\"800\" height=\"959\" src=\"https:\/\/www.terradimara.lv\/wp-content\/uploads\/2024\/07\/44-854x1024.jpg\" class=\"elementor-animation-grow attachment-large size-large wp-image-848\" alt=\"\" srcset=\"https:\/\/www.terradimara.lv\/wp-content\/uploads\/2024\/07\/44-854x1024.jpg 854w, https:\/\/www.terradimara.lv\/wp-content\/uploads\/2024\/07\/44-250x300.jpg 250w, https:\/\/www.terradimara.lv\/wp-content\/uploads\/2024\/07\/44-768x921.jpg 768w, https:\/\/www.terradimara.lv\/wp-content\/uploads\/2024\/07\/44-1281x1536.jpg 1281w, https:\/\/www.terradimara.lv\/wp-content\/uploads\/2024\/07\/44-1708x2048.jpg 1708w\" sizes=\"(max-width: 800px) 100vw, 800px\" \/>\t\t\t\t\t\t\t\t\t\t\t\t\t\t\t<\/div>\n\t\t\t\t<\/div>\n\t\t\t\t\t<\/div>\n\t\t\t\t<\/div>\n\t\t\t\t<\/div>\n\t\t\t\t<\/div>","protected":false},"excerpt":{"rendered":"<p>M\u016bsu st\u0101sts Pirmss\u0101kumi Saimnieki st\u0101sta, ka pati m\u0101ja vi\u0146us izv\u0113l\u0113j\u0101s. Ar\u012b visi dz\u012bvnieki pieteic\u0101s bez mekl\u0113\u0161anas. R\u012bdziniekiem Rihardam un M\u0101rai vienm\u0113r ir bijis sapnis par savu m\u0101ju, bet M\u0101rai vajadz\u0113ja, lai b\u016btu ar\u012b ka\u0137i, lieli su\u0146i un zirgi. K\u0101d\u0101 v\u0113l\u0101 novembra vakar\u0101 Rihards aizveda \u0123imeni uz k\u0101du skumju lauku viens\u0113tu un sac\u012bja, ka te nu [&hellip;]<\/p>","protected":false},"author":1,"featured_media":0,"parent":0,"menu_order":0,"comment_status":"closed","ping_status":"closed","template":"","meta":{"footnotes":""},"class_list":["post-169","page","type-page","status-publish","hentry"],"yoast_head":"<!-- This site is optimized with the Yoast SEO Premium plugin v23.1 (Yoast SEO v27.0) - https:\/\/yoast.com\/product\/yoast-seo-premium-wordpress\/ -->\n<title>St\u0101sts - Stallis &quot;B\u0113r\u012bts&quot;<\/title>\n<meta name=\"description\" content=\"R\u012bdziniekiem Rihardam un M\u0101rai vienm\u0113r ir bijis sapnis par savu m\u0101ju, bet M\u0101rai vajadz\u0113ja, lai b\u016btu ar\u012b ka\u0137i, lieli su\u0146i un zirgi.\" \/>\n<meta name=\"robots\" content=\"index, follow, max-snippet:-1, max-image-preview:large, max-video-preview:-1\" \/>\n<link rel=\"canonical\" href=\"https:\/\/www.terradimara.lv\/en\/story\/\" \/>\n<meta property=\"og:locale\" content=\"en_US\" \/>\n<meta property=\"og:type\" content=\"article\" \/>\n<meta property=\"og:title\" content=\"St\u0101sts\" \/>\n<meta property=\"og:description\" content=\"R\u012bdziniekiem Rihardam un M\u0101rai vienm\u0113r ir bijis sapnis par savu m\u0101ju, bet M\u0101rai vajadz\u0113ja, lai b\u016btu ar\u012b ka\u0137i, lieli su\u0146i un zirgi.\" \/>\n<meta property=\"og:url\" content=\"https:\/\/www.terradimara.lv\/en\/story\/\" \/>\n<meta property=\"og:site_name\" content=\"Stallis &quot;B\u0113r\u012bts&quot;\" \/>\n<meta property=\"article:modified_time\" content=\"2025-08-07T11:42:25+00:00\" \/>\n<meta property=\"og:image\" content=\"https:\/\/www.terradimara.lv\/wp-content\/uploads\/2024\/07\/19-1024x768.jpg\" \/>\n<meta name=\"twitter:card\" content=\"summary_large_image\" \/>\n<meta name=\"twitter:label1\" content=\"Est. reading time\" \/>\n\t<meta name=\"twitter:data1\" content=\"3 minutes\" \/>\n<script type=\"application\/ld+json\" class=\"yoast-schema-graph\">{\"@context\":\"https:\/\/schema.org\",\"@graph\":[{\"@type\":\"WebPage\",\"@id\":\"https:\/\/www.terradimara.lv\/stasts\/\",\"url\":\"https:\/\/www.terradimara.lv\/stasts\/\",\"name\":\"St\u0101sts - Stallis &quot;B\u0113r\u012bts&quot;\",\"isPartOf\":{\"@id\":\"https:\/\/www.terradimara.lv\/#website\"},\"primaryImageOfPage\":{\"@id\":\"https:\/\/www.terradimara.lv\/stasts\/#primaryimage\"},\"image\":{\"@id\":\"https:\/\/www.terradimara.lv\/stasts\/#primaryimage\"},\"thumbnailUrl\":\"https:\/\/www.terradimara.lv\/wp-content\/uploads\/2024\/07\/19-1024x768.jpg\",\"datePublished\":\"2024-07-15T13:39:44+00:00\",\"dateModified\":\"2025-08-07T11:42:25+00:00\",\"description\":\"R\u012bdziniekiem Rihardam un M\u0101rai vienm\u0113r ir bijis sapnis par savu m\u0101ju, bet M\u0101rai vajadz\u0113ja, lai b\u016btu ar\u012b ka\u0137i, lieli su\u0146i un zirgi.\",\"breadcrumb\":{\"@id\":\"https:\/\/www.terradimara.lv\/stasts\/#breadcrumb\"},\"inLanguage\":\"en-US\",\"potentialAction\":[{\"@type\":\"ReadAction\",\"target\":[\"https:\/\/www.terradimara.lv\/stasts\/\"]}]},{\"@type\":\"ImageObject\",\"inLanguage\":\"en-US\",\"@id\":\"https:\/\/www.terradimara.lv\/stasts\/#primaryimage\",\"url\":\"https:\/\/www.terradimara.lv\/wp-content\/uploads\/2024\/07\/19-1024x768.jpg\",\"contentUrl\":\"https:\/\/www.terradimara.lv\/wp-content\/uploads\/2024\/07\/19-1024x768.jpg\"},{\"@type\":\"BreadcrumbList\",\"@id\":\"https:\/\/www.terradimara.lv\/stasts\/#breadcrumb\",\"itemListElement\":[{\"@type\":\"ListItem\",\"position\":1,\"name\":\"Home\",\"item\":\"https:\/\/www.terradimara.lv\/\"},{\"@type\":\"ListItem\",\"position\":2,\"name\":\"St\u0101sts\"}]},{\"@type\":\"WebSite\",\"@id\":\"https:\/\/www.terradimara.lv\/#website\",\"url\":\"https:\/\/www.terradimara.lv\/\",\"name\":\"Stallis \\\"B\u0113r\u012bts\\\"\",\"description\":\"Pavadi laiku br\u012bv\u0101 dab\u0101 ar zirgiem.\",\"publisher\":{\"@id\":\"https:\/\/www.terradimara.lv\/#organization\"},\"potentialAction\":[{\"@type\":\"SearchAction\",\"target\":{\"@type\":\"EntryPoint\",\"urlTemplate\":\"https:\/\/www.terradimara.lv\/?s={search_term_string}\"},\"query-input\":{\"@type\":\"PropertyValueSpecification\",\"valueRequired\":true,\"valueName\":\"search_term_string\"}}],\"inLanguage\":\"en-US\"},{\"@type\":\"Organization\",\"@id\":\"https:\/\/www.terradimara.lv\/#organization\",\"name\":\"Stallis \\\"B\u0113r\u012bts\\\"\",\"url\":\"https:\/\/www.terradimara.lv\/\",\"logo\":{\"@type\":\"ImageObject\",\"inLanguage\":\"en-US\",\"@id\":\"https:\/\/www.terradimara.lv\/#\/schema\/logo\/image\/\",\"url\":\"https:\/\/www.terradimara.lv\/wp-content\/uploads\/2024\/08\/cropped-Stallis_Berits_pagaidu_logo.png\",\"contentUrl\":\"https:\/\/www.terradimara.lv\/wp-content\/uploads\/2024\/08\/cropped-Stallis_Berits_pagaidu_logo.png\",\"width\":512,\"height\":512,\"caption\":\"Stallis \\\"B\u0113r\u012bts\\\"\"},\"image\":{\"@id\":\"https:\/\/www.terradimara.lv\/#\/schema\/logo\/image\/\"}}]}<\/script>\n<!-- \/ Yoast SEO Premium plugin. -->","yoast_head_json":{"title":"St\u0101sts - Stallis &quot;B\u0113r\u012bts&quot;","description":"R\u012bdziniekiem Rihardam un M\u0101rai vienm\u0113r ir bijis sapnis par savu m\u0101ju, bet M\u0101rai vajadz\u0113ja, lai b\u016btu ar\u012b ka\u0137i, lieli su\u0146i un zirgi.","robots":{"index":"index","follow":"follow","max-snippet":"max-snippet:-1","max-image-preview":"max-image-preview:large","max-video-preview":"max-video-preview:-1"},"canonical":"https:\/\/www.terradimara.lv\/en\/story\/","og_locale":"en_US","og_type":"article","og_title":"St\u0101sts","og_description":"R\u012bdziniekiem Rihardam un M\u0101rai vienm\u0113r ir bijis sapnis par savu m\u0101ju, bet M\u0101rai vajadz\u0113ja, lai b\u016btu ar\u012b ka\u0137i, lieli su\u0146i un zirgi.","og_url":"https:\/\/www.terradimara.lv\/en\/story\/","og_site_name":"Stallis &quot;B\u0113r\u012bts&quot;","article_modified_time":"2025-08-07T11:42:25+00:00","og_image":[{"url":"https:\/\/www.terradimara.lv\/wp-content\/uploads\/2024\/07\/19-1024x768.jpg","type":"","width":"","height":""}],"twitter_card":"summary_large_image","twitter_misc":{"Est. reading time":"3 minutes"},"schema":{"@context":"https:\/\/schema.org","@graph":[{"@type":"WebPage","@id":"https:\/\/www.terradimara.lv\/stasts\/","url":"https:\/\/www.terradimara.lv\/stasts\/","name":"St\u0101sts - Stallis &quot;B\u0113r\u012bts&quot;","isPartOf":{"@id":"https:\/\/www.terradimara.lv\/#website"},"primaryImageOfPage":{"@id":"https:\/\/www.terradimara.lv\/stasts\/#primaryimage"},"image":{"@id":"https:\/\/www.terradimara.lv\/stasts\/#primaryimage"},"thumbnailUrl":"https:\/\/www.terradimara.lv\/wp-content\/uploads\/2024\/07\/19-1024x768.jpg","datePublished":"2024-07-15T13:39:44+00:00","dateModified":"2025-08-07T11:42:25+00:00","description":"R\u012bdziniekiem Rihardam un M\u0101rai vienm\u0113r ir bijis sapnis par savu m\u0101ju, bet M\u0101rai vajadz\u0113ja, lai b\u016btu ar\u012b ka\u0137i, lieli su\u0146i un zirgi.","breadcrumb":{"@id":"https:\/\/www.terradimara.lv\/stasts\/#breadcrumb"},"inLanguage":"en-US","potentialAction":[{"@type":"ReadAction","target":["https:\/\/www.terradimara.lv\/stasts\/"]}]},{"@type":"ImageObject","inLanguage":"en-US","@id":"https:\/\/www.terradimara.lv\/stasts\/#primaryimage","url":"https:\/\/www.terradimara.lv\/wp-content\/uploads\/2024\/07\/19-1024x768.jpg","contentUrl":"https:\/\/www.terradimara.lv\/wp-content\/uploads\/2024\/07\/19-1024x768.jpg"},{"@type":"BreadcrumbList","@id":"https:\/\/www.terradimara.lv\/stasts\/#breadcrumb","itemListElement":[{"@type":"ListItem","position":1,"name":"Home","item":"https:\/\/www.terradimara.lv\/"},{"@type":"ListItem","position":2,"name":"St\u0101sts"}]},{"@type":"WebSite","@id":"https:\/\/www.terradimara.lv\/#website","url":"https:\/\/www.terradimara.lv\/","name":"Stallis \"B\u0113r\u012bts\"","description":"Pavadi laiku br\u012bv\u0101 dab\u0101 ar zirgiem.","publisher":{"@id":"https:\/\/www.terradimara.lv\/#organization"},"potentialAction":[{"@type":"SearchAction","target":{"@type":"EntryPoint","urlTemplate":"https:\/\/www.terradimara.lv\/?s={search_term_string}"},"query-input":{"@type":"PropertyValueSpecification","valueRequired":true,"valueName":"search_term_string"}}],"inLanguage":"en-US"},{"@type":"Organization","@id":"https:\/\/www.terradimara.lv\/#organization","name":"Stallis \"B\u0113r\u012bts\"","url":"https:\/\/www.terradimara.lv\/","logo":{"@type":"ImageObject","inLanguage":"en-US","@id":"https:\/\/www.terradimara.lv\/#\/schema\/logo\/image\/","url":"https:\/\/www.terradimara.lv\/wp-content\/uploads\/2024\/08\/cropped-Stallis_Berits_pagaidu_logo.png","contentUrl":"https:\/\/www.terradimara.lv\/wp-content\/uploads\/2024\/08\/cropped-Stallis_Berits_pagaidu_logo.png","width":512,"height":512,"caption":"Stallis \"B\u0113r\u012bts\""},"image":{"@id":"https:\/\/www.terradimara.lv\/#\/schema\/logo\/image\/"}}]}},"_links":{"self":[{"href":"https:\/\/www.terradimara.lv\/en\/wp-json\/wp\/v2\/pages\/169","targetHints":{"allow":["GET"]}}],"collection":[{"href":"https:\/\/www.terradimara.lv\/en\/wp-json\/wp\/v2\/pages"}],"about":[{"href":"https:\/\/www.terradimara.lv\/en\/wp-json\/wp\/v2\/types\/page"}],"author":[{"embeddable":true,"href":"https:\/\/www.terradimara.lv\/en\/wp-json\/wp\/v2\/users\/1"}],"replies":[{"embeddable":true,"href":"https:\/\/www.terradimara.lv\/en\/wp-json\/wp\/v2\/comments?post=169"}],"version-history":[{"count":0,"href":"https:\/\/www.terradimara.lv\/en\/wp-json\/wp\/v2\/pages\/169\/revisions"}],"wp:attachment":[{"href":"https:\/\/www.terradimara.lv\/en\/wp-json\/wp\/v2\/media?parent=169"}],"curies":[{"name":"wp","href":"https:\/\/api.w.org\/{rel}","templated":true}]}}