{"id":1215,"date":"2025-06-17T15:51:07","date_gmt":"2025-06-17T15:51:07","guid":{"rendered":"https:\/\/www.terradimara.lv\/?page_id=1215"},"modified":"2025-06-17T16:25:28","modified_gmt":"2025-06-17T16:25:28","slug":"stallis-berits-stasti","status":"publish","type":"page","link":"https:\/\/www.terradimara.lv\/en\/stallis-berits-stasti\/","title":{"rendered":"\u201cStories of Stable Ber\u012bts\u201d"},"content":{"rendered":"<div data-elementor-type=\"wp-page\" data-elementor-id=\"1215\" class=\"elementor elementor-1215\" data-elementor-post-type=\"page\">\n\t\t\t\t<div class=\"elementor-element elementor-element-f65630d e-con-full e-flex e-con e-parent\" data-id=\"f65630d\" data-element_type=\"container\" data-settings=\"{&quot;background_background&quot;:&quot;classic&quot;}\">\n\t\t\t\t<\/div>\n\t\t<div class=\"elementor-element elementor-element-1c12626 e-con-full e-flex e-con e-parent\" data-id=\"1c12626\" data-element_type=\"container\">\n\t\t\t\t<div class=\"elementor-element elementor-element-700a58f elementor-grid-3 elementor-grid-tablet-2 elementor-grid-mobile-1 elementor-posts--thumbnail-top elementor-widget elementor-widget-posts\" data-id=\"700a58f\" data-element_type=\"widget\" data-settings=\"{&quot;classic_columns&quot;:&quot;3&quot;,&quot;classic_columns_tablet&quot;:&quot;2&quot;,&quot;classic_columns_mobile&quot;:&quot;1&quot;,&quot;classic_row_gap&quot;:{&quot;unit&quot;:&quot;px&quot;,&quot;size&quot;:35,&quot;sizes&quot;:[]},&quot;classic_row_gap_tablet&quot;:{&quot;unit&quot;:&quot;px&quot;,&quot;size&quot;:&quot;&quot;,&quot;sizes&quot;:[]},&quot;classic_row_gap_mobile&quot;:{&quot;unit&quot;:&quot;px&quot;,&quot;size&quot;:&quot;&quot;,&quot;sizes&quot;:[]}}\" data-widget_type=\"posts.classic\">\n\t\t\t\t<div class=\"elementor-widget-container\">\n\t\t\t\t\t\t\t<div class=\"elementor-posts-container elementor-posts elementor-posts--skin-classic elementor-grid\" role=\"list\">\n\t\t\t\t<article class=\"elementor-post elementor-grid-item post-1230 post type-post status-publish format-standard has-post-thumbnail hentry category-uncategorized\" role=\"listitem\">\n\t\t\t\t<a class=\"elementor-post__thumbnail__link\" href=\"https:\/\/www.terradimara.lv\/en\/izglabtie-zlata-un-zarts\/\" tabindex=\"-1\" >\n\t\t\t<div class=\"elementor-post__thumbnail\"><img fetchpriority=\"high\" decoding=\"async\" width=\"300\" height=\"199\" src=\"https:\/\/www.terradimara.lv\/wp-content\/uploads\/2025\/06\/1000118196-300x199.jpg\" class=\"attachment-medium size-medium wp-image-1236\" alt=\"\" srcset=\"https:\/\/www.terradimara.lv\/wp-content\/uploads\/2025\/06\/1000118196-300x199.jpg 300w, https:\/\/www.terradimara.lv\/wp-content\/uploads\/2025\/06\/1000118196-1024x678.jpg 1024w, https:\/\/www.terradimara.lv\/wp-content\/uploads\/2025\/06\/1000118196-768x508.jpg 768w, https:\/\/www.terradimara.lv\/wp-content\/uploads\/2025\/06\/1000118196-18x12.jpg 18w, https:\/\/www.terradimara.lv\/wp-content\/uploads\/2025\/06\/1000118196.jpg 1280w\" sizes=\"(max-width: 300px) 100vw, 300px\" \/><\/div>\n\t\t<\/a>\n\t\t\t\t<div class=\"elementor-post__text\">\n\t\t\t\t<h3 class=\"elementor-post__title\">\n\t\t\t<a href=\"https:\/\/www.terradimara.lv\/en\/izglabtie-zlata-un-zarts\/\" >\n\t\t\t\tThe Rescued Zlata and Zarts\t\t\t<\/a>\n\t\t<\/h3>\n\t\t\t\t<div class=\"elementor-post__excerpt\">\n\t\t\t<p>Two sweet animals \u2013 the little donkey Zlata and the noble horse Zarts \u2013 were found near the front line in Kherson, Ukraine. In the horrors of war, they lost their owner, their home, and their documents.<\/p>\n\t\t<\/div>\n\t\t\n\t\t<a class=\"elementor-post__read-more\" href=\"https:\/\/www.terradimara.lv\/en\/izglabtie-zlata-un-zarts\/\" aria-label=\"Read more about Izgl\u0101btie Zlata un Zarts\" tabindex=\"-1\" >\n\t\t\tRead more &gt;\t\t<\/a>\n\n\t\t\t\t<\/div>\n\t\t\t\t<\/article>\n\t\t\t\t<\/div>\n\t\t\n\t\t\t\t\t\t<\/div>\n\t\t\t\t<\/div>\n\t\t\t\t<\/div>\n\t\t\t\t<\/div>","protected":false},"excerpt":{"rendered":"","protected":false},"author":1,"featured_media":0,"parent":0,"menu_order":0,"comment_status":"closed","ping_status":"closed","template":"","meta":{"footnotes":""},"class_list":["post-1215","page","type-page","status-publish","hentry"],"yoast_head":"<!-- This site is optimized with the Yoast SEO Premium plugin v23.1 (Yoast SEO v27.0) - https:\/\/yoast.com\/product\/yoast-seo-premium-wordpress\/ -->\n<title>&quot;Stallis Ber\u012bts&quot; st\u0101sti - Stallis &quot;B\u0113r\u012bts&quot;<\/title>\n<meta name=\"robots\" content=\"index, follow, max-snippet:-1, max-image-preview:large, max-video-preview:-1\" \/>\n<link rel=\"canonical\" href=\"https:\/\/www.terradimara.lv\/en\/stallis-berits-stasti\/\" \/>\n<meta property=\"og:locale\" content=\"en_US\" \/>\n<meta property=\"og:type\" content=\"article\" \/>\n<meta property=\"og:title\" content=\"&quot;Stallis Ber\u012bts&quot; st\u0101sti\" \/>\n<meta property=\"og:url\" content=\"https:\/\/www.terradimara.lv\/en\/stallis-berits-stasti\/\" \/>\n<meta property=\"og:site_name\" content=\"Stallis &quot;B\u0113r\u012bts&quot;\" \/>\n<meta property=\"article:modified_time\" content=\"2025-06-17T16:25:28+00:00\" \/>\n<meta name=\"twitter:card\" content=\"summary_large_image\" \/>\n<meta name=\"twitter:label1\" content=\"Est. reading time\" \/>\n\t<meta name=\"twitter:data1\" content=\"1 minute\" \/>\n<script type=\"application\/ld+json\" class=\"yoast-schema-graph\">{\"@context\":\"https:\/\/schema.org\",\"@graph\":[{\"@type\":\"WebPage\",\"@id\":\"https:\/\/www.terradimara.lv\/stallis-berits-stasti\/\",\"url\":\"https:\/\/www.terradimara.lv\/stallis-berits-stasti\/\",\"name\":\"\\\"Stallis Ber\u012bts\\\" st\u0101sti - Stallis &quot;B\u0113r\u012bts&quot;\",\"isPartOf\":{\"@id\":\"https:\/\/www.terradimara.lv\/#website\"},\"datePublished\":\"2025-06-17T15:51:07+00:00\",\"dateModified\":\"2025-06-17T16:25:28+00:00\",\"breadcrumb\":{\"@id\":\"https:\/\/www.terradimara.lv\/stallis-berits-stasti\/#breadcrumb\"},\"inLanguage\":\"en-US\",\"potentialAction\":[{\"@type\":\"ReadAction\",\"target\":[\"https:\/\/www.terradimara.lv\/stallis-berits-stasti\/\"]}]},{\"@type\":\"BreadcrumbList\",\"@id\":\"https:\/\/www.terradimara.lv\/stallis-berits-stasti\/#breadcrumb\",\"itemListElement\":[{\"@type\":\"ListItem\",\"position\":1,\"name\":\"Home\",\"item\":\"https:\/\/www.terradimara.lv\/\"},{\"@type\":\"ListItem\",\"position\":2,\"name\":\"&#8220;Stallis Ber\u012bts&#8221; st\u0101sti\"}]},{\"@type\":\"WebSite\",\"@id\":\"https:\/\/www.terradimara.lv\/#website\",\"url\":\"https:\/\/www.terradimara.lv\/\",\"name\":\"Stallis \\\"B\u0113r\u012bts\\\"\",\"description\":\"Pavadi laiku br\u012bv\u0101 dab\u0101 ar zirgiem.\",\"publisher\":{\"@id\":\"https:\/\/www.terradimara.lv\/#organization\"},\"potentialAction\":[{\"@type\":\"SearchAction\",\"target\":{\"@type\":\"EntryPoint\",\"urlTemplate\":\"https:\/\/www.terradimara.lv\/?s={search_term_string}\"},\"query-input\":{\"@type\":\"PropertyValueSpecification\",\"valueRequired\":true,\"valueName\":\"search_term_string\"}}],\"inLanguage\":\"en-US\"},{\"@type\":\"Organization\",\"@id\":\"https:\/\/www.terradimara.lv\/#organization\",\"name\":\"Stallis \\\"B\u0113r\u012bts\\\"\",\"url\":\"https:\/\/www.terradimara.lv\/\",\"logo\":{\"@type\":\"ImageObject\",\"inLanguage\":\"en-US\",\"@id\":\"https:\/\/www.terradimara.lv\/#\/schema\/logo\/image\/\",\"url\":\"https:\/\/www.terradimara.lv\/wp-content\/uploads\/2024\/08\/cropped-Stallis_Berits_pagaidu_logo.png\",\"contentUrl\":\"https:\/\/www.terradimara.lv\/wp-content\/uploads\/2024\/08\/cropped-Stallis_Berits_pagaidu_logo.png\",\"width\":512,\"height\":512,\"caption\":\"Stallis \\\"B\u0113r\u012bts\\\"\"},\"image\":{\"@id\":\"https:\/\/www.terradimara.lv\/#\/schema\/logo\/image\/\"}}]}<\/script>\n<!-- \/ Yoast SEO Premium plugin. -->","yoast_head_json":{"title":"\"Stallis Ber\u012bts\" st\u0101sti - Stallis &quot;B\u0113r\u012bts&quot;","robots":{"index":"index","follow":"follow","max-snippet":"max-snippet:-1","max-image-preview":"max-image-preview:large","max-video-preview":"max-video-preview:-1"},"canonical":"https:\/\/www.terradimara.lv\/en\/stallis-berits-stasti\/","og_locale":"en_US","og_type":"article","og_title":"\"Stallis Ber\u012bts\" st\u0101sti","og_url":"https:\/\/www.terradimara.lv\/en\/stallis-berits-stasti\/","og_site_name":"Stallis &quot;B\u0113r\u012bts&quot;","article_modified_time":"2025-06-17T16:25:28+00:00","twitter_card":"summary_large_image","twitter_misc":{"Est. reading time":"1 minute"},"schema":{"@context":"https:\/\/schema.org","@graph":[{"@type":"WebPage","@id":"https:\/\/www.terradimara.lv\/stallis-berits-stasti\/","url":"https:\/\/www.terradimara.lv\/stallis-berits-stasti\/","name":"\"Stallis Ber\u012bts\" st\u0101sti - Stallis &quot;B\u0113r\u012bts&quot;","isPartOf":{"@id":"https:\/\/www.terradimara.lv\/#website"},"datePublished":"2025-06-17T15:51:07+00:00","dateModified":"2025-06-17T16:25:28+00:00","breadcrumb":{"@id":"https:\/\/www.terradimara.lv\/stallis-berits-stasti\/#breadcrumb"},"inLanguage":"en-US","potentialAction":[{"@type":"ReadAction","target":["https:\/\/www.terradimara.lv\/stallis-berits-stasti\/"]}]},{"@type":"BreadcrumbList","@id":"https:\/\/www.terradimara.lv\/stallis-berits-stasti\/#breadcrumb","itemListElement":[{"@type":"ListItem","position":1,"name":"Home","item":"https:\/\/www.terradimara.lv\/"},{"@type":"ListItem","position":2,"name":"&#8220;Stallis Ber\u012bts&#8221; st\u0101sti"}]},{"@type":"WebSite","@id":"https:\/\/www.terradimara.lv\/#website","url":"https:\/\/www.terradimara.lv\/","name":"Stallis \"B\u0113r\u012bts\"","description":"Pavadi laiku br\u012bv\u0101 dab\u0101 ar zirgiem.","publisher":{"@id":"https:\/\/www.terradimara.lv\/#organization"},"potentialAction":[{"@type":"SearchAction","target":{"@type":"EntryPoint","urlTemplate":"https:\/\/www.terradimara.lv\/?s={search_term_string}"},"query-input":{"@type":"PropertyValueSpecification","valueRequired":true,"valueName":"search_term_string"}}],"inLanguage":"en-US"},{"@type":"Organization","@id":"https:\/\/www.terradimara.lv\/#organization","name":"Stallis \"B\u0113r\u012bts\"","url":"https:\/\/www.terradimara.lv\/","logo":{"@type":"ImageObject","inLanguage":"en-US","@id":"https:\/\/www.terradimara.lv\/#\/schema\/logo\/image\/","url":"https:\/\/www.terradimara.lv\/wp-content\/uploads\/2024\/08\/cropped-Stallis_Berits_pagaidu_logo.png","contentUrl":"https:\/\/www.terradimara.lv\/wp-content\/uploads\/2024\/08\/cropped-Stallis_Berits_pagaidu_logo.png","width":512,"height":512,"caption":"Stallis \"B\u0113r\u012bts\""},"image":{"@id":"https:\/\/www.terradimara.lv\/#\/schema\/logo\/image\/"}}]}},"_links":{"self":[{"href":"https:\/\/www.terradimara.lv\/en\/wp-json\/wp\/v2\/pages\/1215","targetHints":{"allow":["GET"]}}],"collection":[{"href":"https:\/\/www.terradimara.lv\/en\/wp-json\/wp\/v2\/pages"}],"about":[{"href":"https:\/\/www.terradimara.lv\/en\/wp-json\/wp\/v2\/types\/page"}],"author":[{"embeddable":true,"href":"https:\/\/www.terradimara.lv\/en\/wp-json\/wp\/v2\/users\/1"}],"replies":[{"embeddable":true,"href":"https:\/\/www.terradimara.lv\/en\/wp-json\/wp\/v2\/comments?post=1215"}],"version-history":[{"count":0,"href":"https:\/\/www.terradimara.lv\/en\/wp-json\/wp\/v2\/pages\/1215\/revisions"}],"wp:attachment":[{"href":"https:\/\/www.terradimara.lv\/en\/wp-json\/wp\/v2\/media?parent=1215"}],"curies":[{"name":"wp","href":"https:\/\/api.w.org\/{rel}","templated":true}]}}