{"id":1142,"date":"2024-08-22T14:21:18","date_gmt":"2024-08-22T14:21:18","guid":{"rendered":"https:\/\/www.terradimara.lv\/?page_id=1142"},"modified":"2025-08-07T11:41:24","modified_gmt":"2025-08-07T11:41:24","slug":"sakums","status":"publish","type":"page","link":"https:\/\/www.terradimara.lv\/en\/","title":{"rendered":"Home"},"content":{"rendered":"<div data-elementor-type=\"wp-page\" data-elementor-id=\"1142\" class=\"elementor elementor-1142\" data-elementor-post-type=\"page\">\n\t\t\t\t<div class=\"elementor-element elementor-element-44867ff e-con-full e-flex e-con e-parent\" data-id=\"44867ff\" data-element_type=\"container\">\n\t\t<div class=\"elementor-element elementor-element-9d9fe6a e-con-full e-flex e-con e-child\" data-id=\"9d9fe6a\" data-element_type=\"container\" data-settings=\"{&quot;background_background&quot;:&quot;classic&quot;}\">\n\t\t\t\t<div class=\"elementor-element elementor-element-21116e4 elementor-widget elementor-widget-heading\" data-id=\"21116e4\" data-element_type=\"widget\" data-widget_type=\"heading.default\">\n\t\t\t\t<div class=\"elementor-widget-container\">\n\t\t\t\t\t<h2 class=\"elementor-heading-title elementor-size-default\"><a href=\"https:\/\/www.terradimara.lv\/en\/stallis-berits\/\">Stable \"B\u0113r\u012bts\"<\/a><\/h2>\t\t\t\t<\/div>\n\t\t\t\t<\/div>\n\t\t\t\t<div class=\"elementor-element elementor-element-ce6dc54 elementor-widget elementor-widget-text-editor\" data-id=\"ce6dc54\" data-element_type=\"widget\" data-widget_type=\"text-editor.default\">\n\t\t\t\t<div class=\"elementor-widget-container\">\n\t\t\t\t\t\t\t\t\t<p>Spend time in nature with horses.<\/p>\t\t\t\t\t\t\t\t<\/div>\n\t\t\t\t<\/div>\n\t\t\t\t<div class=\"elementor-element elementor-element-97c6655 elementor-mobile-align-center elementor-align-center elementor-widget elementor-widget-button\" data-id=\"97c6655\" data-element_type=\"widget\" data-widget_type=\"button.default\">\n\t\t\t\t<div class=\"elementor-widget-container\">\n\t\t\t\t\t\t\t\t\t<div class=\"elementor-button-wrapper\">\n\t\t\t\t\t<a class=\"elementor-button elementor-button-link elementor-size-sm elementor-animation-grow\" href=\"https:\/\/www.terradimara.lv\/en\/stallis-berits\/\">\n\t\t\t\t\t\t<span class=\"elementor-button-content-wrapper\">\n\t\t\t\t\t\t\t\t\t<span class=\"elementor-button-text\">More information<\/span>\n\t\t\t\t\t<\/span>\n\t\t\t\t\t<\/a>\n\t\t\t\t<\/div>\n\t\t\t\t\t\t\t\t<\/div>\n\t\t\t\t<\/div>\n\t\t\t\t<\/div>\n\t\t<div class=\"elementor-element elementor-element-01ca024 e-con-full e-flex e-con e-child\" data-id=\"01ca024\" data-element_type=\"container\" data-settings=\"{&quot;background_background&quot;:&quot;classic&quot;}\">\n\t\t\t\t<div class=\"elementor-element elementor-element-98b7ed4 elementor-widget elementor-widget-heading\" data-id=\"98b7ed4\" data-element_type=\"widget\" data-widget_type=\"heading.default\">\n\t\t\t\t<div class=\"elementor-widget-container\">\n\t\t\t\t\t<h2 class=\"elementor-heading-title elementor-size-default\"><a href=\"https:\/\/www.terradimara.lv\/en\/maras-likloci\/\">Terradimara<\/a><\/h2>\t\t\t\t<\/div>\n\t\t\t\t<\/div>\n\t\t\t\t<div class=\"elementor-element elementor-element-684323e elementor-widget elementor-widget-text-editor\" data-id=\"684323e\" data-element_type=\"widget\" data-widget_type=\"text-editor.default\">\n\t\t\t\t<div class=\"elementor-widget-container\">\n\t\t\t\t\t\t\t\t\t<p>I offer various tours in Latvia, Estonia, Lithuania, and Italy.<\/p>\t\t\t\t\t\t\t\t<\/div>\n\t\t\t\t<\/div>\n\t\t\t\t<div class=\"elementor-element elementor-element-90d6ccc elementor-mobile-align-center elementor-align-center elementor-widget elementor-widget-button\" data-id=\"90d6ccc\" data-element_type=\"widget\" data-widget_type=\"button.default\">\n\t\t\t\t<div class=\"elementor-widget-container\">\n\t\t\t\t\t\t\t\t\t<div class=\"elementor-button-wrapper\">\n\t\t\t\t\t<a class=\"elementor-button elementor-button-link elementor-size-sm elementor-animation-grow\" href=\"https:\/\/www.terradimara.lv\/en\/maras-likloci\/\">\n\t\t\t\t\t\t<span class=\"elementor-button-content-wrapper\">\n\t\t\t\t\t\t\t\t\t<span class=\"elementor-button-text\">More information<\/span>\n\t\t\t\t\t<\/span>\n\t\t\t\t\t<\/a>\n\t\t\t\t<\/div>\n\t\t\t\t\t\t\t\t<\/div>\n\t\t\t\t<\/div>\n\t\t\t\t<\/div>\n\t\t\t\t<\/div>\n\t\t\t\t<\/div>","protected":false},"excerpt":{"rendered":"<p>Stallis &#8220;B\u0113r\u012bts&#8221; Pavadi laiku br\u012bv\u0101 dab\u0101 ar zirgiem. Apskat\u012bt M\u0101ras L\u012bklo\u010di Vadu da\u017e\u0101das ekskursijas Latvij\u0101, Igaunij\u0101, Lietuv\u0101 un It\u0101lij\u0101. Apskat\u012bt<\/p>","protected":false},"author":1,"featured_media":0,"parent":0,"menu_order":0,"comment_status":"closed","ping_status":"closed","template":"elementor_canvas","meta":{"footnotes":""},"class_list":["post-1142","page","type-page","status-publish","hentry"],"yoast_head":"<!-- This site is optimized with the Yoast SEO Premium plugin v23.1 (Yoast SEO v27.0) - https:\/\/yoast.com\/product\/yoast-seo-premium-wordpress\/ -->\n<title>Stallis &quot;B\u0113r\u012bts&quot; - M\u0101ras l\u012bklo\u010di<\/title>\n<meta name=\"description\" content=\"Izbaudi lauku mieru un zirgu sabiedr\u012bbu st\u0101ll\u012b. Ekskursijas Baltij\u0101 un It\u0101lij\u0101, izj\u0101des, ragavas un pas\u0101kumi senaj\u0101 Zemgales s\u0113t\u0101\" \/>\n<meta name=\"robots\" content=\"index, follow, max-snippet:-1, max-image-preview:large, max-video-preview:-1\" \/>\n<link rel=\"canonical\" href=\"https:\/\/www.terradimara.lv\/en\/\" \/>\n<meta property=\"og:locale\" content=\"en_US\" \/>\n<meta property=\"og:type\" content=\"article\" \/>\n<meta property=\"og:title\" content=\"S\u0101kums\" \/>\n<meta property=\"og:description\" content=\"Izbaudi lauku mieru un zirgu sabiedr\u012bbu st\u0101ll\u012b. Ekskursijas Baltij\u0101 un It\u0101lij\u0101, izj\u0101des, ragavas un pas\u0101kumi senaj\u0101 Zemgales s\u0113t\u0101\" \/>\n<meta property=\"og:url\" content=\"https:\/\/www.terradimara.lv\/en\/\" \/>\n<meta property=\"og:site_name\" content=\"Stallis &quot;B\u0113r\u012bts&quot;\" \/>\n<meta property=\"article:modified_time\" content=\"2025-08-07T11:41:24+00:00\" \/>\n<meta name=\"twitter:card\" content=\"summary_large_image\" \/>\n<meta name=\"twitter:label1\" content=\"Est. reading time\" \/>\n\t<meta name=\"twitter:data1\" content=\"1 minute\" \/>\n<script type=\"application\/ld+json\" class=\"yoast-schema-graph\">{\"@context\":\"https:\/\/schema.org\",\"@graph\":[{\"@type\":\"WebPage\",\"@id\":\"https:\/\/www.terradimara.lv\/\",\"url\":\"https:\/\/www.terradimara.lv\/\",\"name\":\"Stallis &quot;B\u0113r\u012bts&quot; - M\u0101ras l\u012bklo\u010di\",\"isPartOf\":{\"@id\":\"https:\/\/www.terradimara.lv\/#website\"},\"datePublished\":\"2024-08-22T14:21:18+00:00\",\"dateModified\":\"2025-08-07T11:41:24+00:00\",\"description\":\"Izbaudi lauku mieru un zirgu sabiedr\u012bbu st\u0101ll\u012b. Ekskursijas Baltij\u0101 un It\u0101lij\u0101, izj\u0101des, ragavas un pas\u0101kumi senaj\u0101 Zemgales s\u0113t\u0101\",\"breadcrumb\":{\"@id\":\"https:\/\/www.terradimara.lv\/#breadcrumb\"},\"inLanguage\":\"en-US\",\"potentialAction\":[{\"@type\":\"ReadAction\",\"target\":[\"https:\/\/www.terradimara.lv\/\"]}]},{\"@type\":\"BreadcrumbList\",\"@id\":\"https:\/\/www.terradimara.lv\/#breadcrumb\",\"itemListElement\":[{\"@type\":\"ListItem\",\"position\":1,\"name\":\"Home\",\"item\":\"https:\/\/www.terradimara.lv\/\"},{\"@type\":\"ListItem\",\"position\":2,\"name\":\"S\u0101kums\"}]},{\"@type\":\"WebSite\",\"@id\":\"https:\/\/www.terradimara.lv\/#website\",\"url\":\"https:\/\/www.terradimara.lv\/\",\"name\":\"Stallis \\\"B\u0113r\u012bts\\\"\",\"description\":\"Pavadi laiku br\u012bv\u0101 dab\u0101 ar zirgiem.\",\"publisher\":{\"@id\":\"https:\/\/www.terradimara.lv\/#organization\"},\"potentialAction\":[{\"@type\":\"SearchAction\",\"target\":{\"@type\":\"EntryPoint\",\"urlTemplate\":\"https:\/\/www.terradimara.lv\/?s={search_term_string}\"},\"query-input\":{\"@type\":\"PropertyValueSpecification\",\"valueRequired\":true,\"valueName\":\"search_term_string\"}}],\"inLanguage\":\"en-US\"},{\"@type\":\"Organization\",\"@id\":\"https:\/\/www.terradimara.lv\/#organization\",\"name\":\"Stallis \\\"B\u0113r\u012bts\\\"\",\"url\":\"https:\/\/www.terradimara.lv\/\",\"logo\":{\"@type\":\"ImageObject\",\"inLanguage\":\"en-US\",\"@id\":\"https:\/\/www.terradimara.lv\/#\/schema\/logo\/image\/\",\"url\":\"https:\/\/www.terradimara.lv\/wp-content\/uploads\/2024\/08\/cropped-Stallis_Berits_pagaidu_logo.png\",\"contentUrl\":\"https:\/\/www.terradimara.lv\/wp-content\/uploads\/2024\/08\/cropped-Stallis_Berits_pagaidu_logo.png\",\"width\":512,\"height\":512,\"caption\":\"Stallis \\\"B\u0113r\u012bts\\\"\"},\"image\":{\"@id\":\"https:\/\/www.terradimara.lv\/#\/schema\/logo\/image\/\"}}]}<\/script>\n<!-- \/ Yoast SEO Premium plugin. -->","yoast_head_json":{"title":"Stallis &quot;B\u0113r\u012bts&quot; - M\u0101ras l\u012bklo\u010di","description":"Izbaudi lauku mieru un zirgu sabiedr\u012bbu st\u0101ll\u012b. Ekskursijas Baltij\u0101 un It\u0101lij\u0101, izj\u0101des, ragavas un pas\u0101kumi senaj\u0101 Zemgales s\u0113t\u0101","robots":{"index":"index","follow":"follow","max-snippet":"max-snippet:-1","max-image-preview":"max-image-preview:large","max-video-preview":"max-video-preview:-1"},"canonical":"https:\/\/www.terradimara.lv\/en\/","og_locale":"en_US","og_type":"article","og_title":"S\u0101kums","og_description":"Izbaudi lauku mieru un zirgu sabiedr\u012bbu st\u0101ll\u012b. Ekskursijas Baltij\u0101 un It\u0101lij\u0101, izj\u0101des, ragavas un pas\u0101kumi senaj\u0101 Zemgales s\u0113t\u0101","og_url":"https:\/\/www.terradimara.lv\/en\/","og_site_name":"Stallis &quot;B\u0113r\u012bts&quot;","article_modified_time":"2025-08-07T11:41:24+00:00","twitter_card":"summary_large_image","twitter_misc":{"Est. reading time":"1 minute"},"schema":{"@context":"https:\/\/schema.org","@graph":[{"@type":"WebPage","@id":"https:\/\/www.terradimara.lv\/","url":"https:\/\/www.terradimara.lv\/","name":"Stallis &quot;B\u0113r\u012bts&quot; - M\u0101ras l\u012bklo\u010di","isPartOf":{"@id":"https:\/\/www.terradimara.lv\/#website"},"datePublished":"2024-08-22T14:21:18+00:00","dateModified":"2025-08-07T11:41:24+00:00","description":"Izbaudi lauku mieru un zirgu sabiedr\u012bbu st\u0101ll\u012b. Ekskursijas Baltij\u0101 un It\u0101lij\u0101, izj\u0101des, ragavas un pas\u0101kumi senaj\u0101 Zemgales s\u0113t\u0101","breadcrumb":{"@id":"https:\/\/www.terradimara.lv\/#breadcrumb"},"inLanguage":"en-US","potentialAction":[{"@type":"ReadAction","target":["https:\/\/www.terradimara.lv\/"]}]},{"@type":"BreadcrumbList","@id":"https:\/\/www.terradimara.lv\/#breadcrumb","itemListElement":[{"@type":"ListItem","position":1,"name":"Home","item":"https:\/\/www.terradimara.lv\/"},{"@type":"ListItem","position":2,"name":"S\u0101kums"}]},{"@type":"WebSite","@id":"https:\/\/www.terradimara.lv\/#website","url":"https:\/\/www.terradimara.lv\/","name":"Stallis \"B\u0113r\u012bts\"","description":"Pavadi laiku br\u012bv\u0101 dab\u0101 ar zirgiem.","publisher":{"@id":"https:\/\/www.terradimara.lv\/#organization"},"potentialAction":[{"@type":"SearchAction","target":{"@type":"EntryPoint","urlTemplate":"https:\/\/www.terradimara.lv\/?s={search_term_string}"},"query-input":{"@type":"PropertyValueSpecification","valueRequired":true,"valueName":"search_term_string"}}],"inLanguage":"en-US"},{"@type":"Organization","@id":"https:\/\/www.terradimara.lv\/#organization","name":"Stallis \"B\u0113r\u012bts\"","url":"https:\/\/www.terradimara.lv\/","logo":{"@type":"ImageObject","inLanguage":"en-US","@id":"https:\/\/www.terradimara.lv\/#\/schema\/logo\/image\/","url":"https:\/\/www.terradimara.lv\/wp-content\/uploads\/2024\/08\/cropped-Stallis_Berits_pagaidu_logo.png","contentUrl":"https:\/\/www.terradimara.lv\/wp-content\/uploads\/2024\/08\/cropped-Stallis_Berits_pagaidu_logo.png","width":512,"height":512,"caption":"Stallis \"B\u0113r\u012bts\""},"image":{"@id":"https:\/\/www.terradimara.lv\/#\/schema\/logo\/image\/"}}]}},"_links":{"self":[{"href":"https:\/\/www.terradimara.lv\/en\/wp-json\/wp\/v2\/pages\/1142","targetHints":{"allow":["GET"]}}],"collection":[{"href":"https:\/\/www.terradimara.lv\/en\/wp-json\/wp\/v2\/pages"}],"about":[{"href":"https:\/\/www.terradimara.lv\/en\/wp-json\/wp\/v2\/types\/page"}],"author":[{"embeddable":true,"href":"https:\/\/www.terradimara.lv\/en\/wp-json\/wp\/v2\/users\/1"}],"replies":[{"embeddable":true,"href":"https:\/\/www.terradimara.lv\/en\/wp-json\/wp\/v2\/comments?post=1142"}],"version-history":[{"count":0,"href":"https:\/\/www.terradimara.lv\/en\/wp-json\/wp\/v2\/pages\/1142\/revisions"}],"wp:attachment":[{"href":"https:\/\/www.terradimara.lv\/en\/wp-json\/wp\/v2\/media?parent=1142"}],"curies":[{"name":"wp","href":"https:\/\/api.w.org\/{rel}","templated":true}]}}